{"id":384,"date":"2023-01-31T09:44:58","date_gmt":"2023-01-31T07:44:58","guid":{"rendered":"https:\/\/villakangerruka.fi\/majoitusta-rukalla-ja-kuusamossa\/"},"modified":"2023-10-11T10:48:20","modified_gmt":"2023-10-11T07:48:20","slug":"majoitusta-rukalla-ja-kuusamossa","status":"publish","type":"page","link":"https:\/\/villakangerruka.fi\/en\/","title":{"rendered":"Accommodation at Ruka &#038; Kuusamo, Finland"},"content":{"rendered":"<h1>Accommodation at Ruka &amp; Kuusamo<br \/>Villa Kanger<\/h1>\n<div>\n<p><strong>To be completed in autumn 2023, <a href=\"https:\/\/villakangerruka.fi\/en\/ruka\/\">the elegant semi-detached holiday house Villa Kanger<\/a> is located in the vicinity of Lake Veskaj\u00e4rvi, near the services, slopes and recreational outdoor routes of Ruka Holiday Resort.<\/strong><\/p>\n<p><strong>Or would you like to enjoy an accommodation without neighbours at Villa Kanger Kuusamo, still only 10 km from Ruka?<\/strong><\/p>\n<\/div>\n<h5>Villa Kanger Ruka<\/h5>\n<h2>Brand new semi-detached holiday house at Ruka<\/h2>\n<div>The beautifully designed and furnished semi-detached apartments have two floors and rooms with large landscape windows, ideal for observing the wonders of nature and for admiring the changes that come with the seasons, from the northern lights to the midnight sun.\n<\/div>\n<p><img decoding=\"async\" src=\"\/wp-content\/uploads\/2023\/10\/1394544-Kuusamo-4-e1697009202489.jpg\" alt=\"Villa kanger ruka olohuone\"><br \/>\n<img decoding=\"async\" src=\"\/wp-content\/uploads\/2023\/10\/1-keittio2-scaled.jpg\" alt=\"Villa kanger ruka olohuone\"><br \/>\n<img decoding=\"async\" src=\"\/wp-content\/uploads\/2023\/08\/MH22-3.jpg\" alt=\"\"><\/p>\n<div>\n<p>Each apartment includes beds for 6-8 people. It is possible to combine the apartments, in which case there are beds for as many as 16 people. There is an outdoor whirlpool bathtub in the sauna section!<\/p>\n<\/div>\n<p>\n    <a href=\"\/en\/ruka\/\">Find out more and book!<\/a>\n<\/p>\n<h5>Villa Kanger Kuusamo<\/h5>\n<h2>Private luxury<\/h2>\n<div>Completed in 2012, Villa Kanger Kuusamo is a well-equipped holiday home set in a quiet location, by the shore of private lake &#8211; only a 10-minute drive away from the services of Ruka Holiday Resort.\n<\/div>\n<p><img decoding=\"async\" src=\"https:\/\/villakangerruka.fi\/wp-content\/uploads\/2023\/01\/villakanger-kuusamo-talvimaisema2.jpg\" alt=\"Villa kanger kuusamo talvella\"><br \/>\n<img decoding=\"async\" src=\"https:\/\/villakangerruka.fi\/wp-content\/uploads\/2023\/01\/villakanger-kuusamo-mh1.jpg\" alt=\"Villa kanger kuusamo ulkoa\"><\/p>\n<div>\n<p>The Villa has two bedrooms and a loft, with beds for 7+2 people. The cosy sauna facilities allow you to relax in the heat, and you can swim in the lake in the summer, or take a dip through a hole in the ice in the winter.<\/p>\n<p>There is also a separate lakeshore\/yard sauna with a comfortable lounge area at your disposal.<\/p>\n<\/div>\n<p>\n    <a href=\"\/en\/kuusamo\/\">Find out more and book!<\/a>\n<\/p>\n<h2>Plan an unforgettable holiday!<\/h2>\n<p><!--more--><br \/>\n<!-- {\"type\":\"layout\",\"children\":[{\"type\":\"section\",\"props\":{\"animation\":\"slide-bottom\",\"animation_delay\":\"300\",\"header_transparent\":\"light\",\"height\":\"full\",\"image\":\"wp-content\\\/uploads\\\/2023\\\/08\\\/ulkokuva-taka-scaled.jpg\",\"image_loading\":true,\"image_position\":\"center-center\",\"image_size\":\"cover\",\"media_overlay\":\"rgba(0, 0, 0, 0.22)\",\"style\":\"default\",\"text_color\":\"light\",\"title_breakpoint\":\"xl\",\"title_position\":\"top-left\",\"title_rotation\":\"left\",\"vertical_align\":\"middle\",\"width\":\"default\"},\"children\":[{\"type\":\"row\",\"children\":[{\"type\":\"column\",\"props\":{\"image_position\":\"center-center\",\"position_sticky_breakpoint\":\"m\"},\"children\":[{\"type\":\"headline\",\"props\":{\"content\":\"Accommodation at Ruka &amp; Kuusamo<br \\\/>Villa Kanger\",\"text_align\":\"left\",\"text_align_breakpoint\":\"m\",\"text_align_fallback\":\"center\",\"title_element\":\"h1\",\"title_style\":\"heading-medium\"}},{\"type\":\"text\",\"props\":{\"block_align_breakpoint\":\"m\",\"block_align_fallback\":\"center\",\"column_breakpoint\":\"m\",\"content\":\"\n\n<p><strong>To be completed in autumn 2023, <a href=\\\"https:\\\/\\\/villakangerruka.fi\\\/en\\\/ruka\\\/\\\">the elegant semi-detached holiday house Villa Kanger<\\\/a> is located in the vicinity of Lake Veskaj\\u00e4rvi, near the services, slopes and recreational outdoor routes of Ruka Holiday Resort.<\\\/strong><\\\/p>\\n\n\n<p><strong>Or would you like to enjoy an accommodation without neighbours at Villa Kanger Kuusamo, still only 10 km from Ruka?<\\\/strong><\\\/p>\",\"margin\":\"default\",\"maxwidth\":\"xlarge\",\"text_align\":\"left\",\"text_align_breakpoint\":\"m\",\"text_align_fallback\":\"center\",\"text_style\":\"large\"}}]}]}]},{\"type\":\"section\",\"props\":{\"image_position\":\"center-center\",\"style\":\"default\",\"title_breakpoint\":\"xl\",\"title_position\":\"top-left\",\"title_rotation\":\"left\",\"vertical_align\":\"middle\",\"width\":\"default\"},\"children\":[{\"type\":\"row\",\"props\":{\"layout\":\"1-2,1-2\"},\"children\":[{\"type\":\"column\",\"props\":{\"image_position\":\"center-center\",\"position_sticky_breakpoint\":\"m\",\"width_medium\":\"1-2\"},\"children\":[{\"type\":\"headline\",\"props\":{\"content\":\"Villa Kanger Ruka\",\"margin_remove_bottom\":true,\"title_element\":\"h5\",\"title_style\":\"h6\"}},{\"type\":\"headline\",\"props\":{\"content\":\"Brand new semi-detached holiday house at Ruka\",\"margin_remove_top\":true,\"title_element\":\"h2\",\"title_style\":\"heading-small\"}},{\"type\":\"text\",\"props\":{\"column_breakpoint\":\"m\",\"content\":\"The beautifully designed and furnished semi-detached apartments have two floors and rooms with large landscape windows, ideal for observing the wonders of nature and for admiring the changes that come with the seasons, from the northern lights to the midnight sun.\\n\",\"margin\":\"default\",\"text_style\":\"lead\"}},{\"type\":\"image\",\"props\":{\"image\":\"wp-content\\\/uploads\\\/2023\\\/10\\\/1394544-Kuusamo-4-e1697009202489.jpg\",\"image_alt\":\"Villa kanger ruka olohuone\",\"image_svg_color\":\"emphasis\",\"margin\":\"default\"}},{\"type\":\"image\",\"props\":{\"image\":\"wp-content\\\/uploads\\\/2023\\\/10\\\/1-keittio2-scaled.jpg\",\"image_alt\":\"Villa kanger ruka olohuone\",\"image_svg_color\":\"emphasis\",\"margin\":\"default\"}}]},{\"type\":\"column\",\"props\":{\"image_position\":\"center-center\",\"position_sticky_breakpoint\":\"m\",\"width_medium\":\"1-2\"},\"children\":[{\"type\":\"image\",\"props\":{\"image\":\"wp-content\\\/uploads\\\/2023\\\/08\\\/MH22-3.jpg\",\"image_svg_color\":\"emphasis\",\"margin\":\"default\"}},{\"type\":\"text\",\"props\":{\"column_breakpoint\":\"m\",\"content\":\"\n\n<p>Each apartment includes beds for 6-8 people. It is possible to combine the apartments, in which case there are beds for as many as 16 people. There is an outdoor whirlpool bathtub in the sauna section!<\\\/p>\",\"margin\":\"default\"}},{\"type\":\"button\",\"props\":{\"grid_column_gap\":\"small\",\"grid_row_gap\":\"small\",\"margin\":\"default\"},\"children\":[{\"type\":\"button_item\",\"props\":{\"button_style\":\"text\",\"content\":\"Find out more and book!\",\"icon_align\":\"left\",\"link\":\"en\\\/ruka\\\/\"}}]}]}]}]},{\"type\":\"section\",\"props\":{\"image_position\":\"center-center\",\"style\":\"primary\",\"title_breakpoint\":\"xl\",\"title_position\":\"top-left\",\"title_rotation\":\"left\",\"vertical_align\":\"middle\",\"width\":\"default\"},\"children\":[{\"type\":\"row\",\"props\":{\"layout\":\"1-2,1-2\"},\"children\":[{\"type\":\"column\",\"props\":{\"image_position\":\"center-center\",\"position_sticky_breakpoint\":\"m\",\"width_medium\":\"1-2\"},\"children\":[{\"type\":\"headline\",\"props\":{\"content\":\"Villa Kanger Kuusamo\",\"margin_remove_bottom\":true,\"title_element\":\"h5\",\"title_style\":\"h6\"}},{\"type\":\"headline\",\"props\":{\"content\":\"Private luxury\",\"margin_remove_top\":true,\"title_element\":\"h2\",\"title_style\":\"heading-small\"}},{\"type\":\"text\",\"props\":{\"column_breakpoint\":\"m\",\"content\":\"Completed in 2012, Villa Kanger Kuusamo is a well-equipped holiday home set in a quiet location, by the shore of private lake - only a 10-minute drive away from the services of Ruka Holiday Resort.\\n\",\"margin\":\"default\",\"text_style\":\"lead\"}},{\"type\":\"image\",\"props\":{\"image\":\"http:\\\/\\\/villakangerruka.fi\\\/wp-content\\\/uploads\\\/2023\\\/01\\\/villakanger-kuusamo-talvimaisema2.jpg\",\"image_alt\":\"Villa kanger kuusamo talvella\",\"image_height\":\"733\",\"image_svg_color\":\"emphasis\",\"image_width\":\"1080\",\"margin\":\"default\"}}]},{\"type\":\"column\",\"props\":{\"image_position\":\"center-center\",\"position_sticky_breakpoint\":\"m\",\"width_medium\":\"1-2\"},\"children\":[{\"type\":\"image\",\"props\":{\"image\":\"http:\\\/\\\/villakangerruka.fi\\\/wp-content\\\/uploads\\\/2023\\\/01\\\/villakanger-kuusamo-mh1.jpg\",\"image_alt\":\"Villa kanger kuusamo ulkoa\",\"image_svg_color\":\"emphasis\",\"margin\":\"default\"}},{\"type\":\"text\",\"props\":{\"column_breakpoint\":\"m\",\"content\":\"\n\n<p>The Villa has two bedrooms and a loft, with beds for 7+2 people. The cosy sauna facilities allow you to relax in the heat, and you can swim in the lake in the summer, or take a dip through a hole in the ice in the winter.<\\\/p>\\n\n\n<p>There is also a separate lakeshore\\\/yard sauna with a comfortable lounge area at your disposal.<\\\/p>\",\"margin\":\"default\"}},{\"type\":\"button\",\"props\":{\"grid_column_gap\":\"small\",\"grid_row_gap\":\"small\",\"margin\":\"default\"},\"children\":[{\"type\":\"button_item\",\"props\":{\"button_style\":\"text\",\"content\":\"Find out more and book!\",\"icon_align\":\"left\",\"link\":\"en\\\/kuusamo\\\/\"}}]}]}]}]},{\"type\":\"section\",\"props\":{\"height\":\"percent\",\"image\":\"wp-content\\\/uploads\\\/2023\\\/01\\\/villakanger-kesa-panorama2.jpg\",\"image_loading\":true,\"image_position\":\"center-center\",\"image_size\":\"cover\",\"media_overlay\":\"rgba(0, 0, 0, 0.16)\",\"sticky\":\"reveal\",\"style\":\"default\",\"text_color\":\"light\",\"title_breakpoint\":\"xl\",\"title_position\":\"top-left\",\"title_rotation\":\"left\",\"vertical_align\":\"middle\",\"width\":\"default\"},\"children\":[{\"type\":\"row\",\"children\":[{\"type\":\"column\",\"props\":{\"image_position\":\"center-center\",\"position_sticky_breakpoint\":\"m\"},\"children\":[{\"type\":\"headline\",\"props\":{\"content\":\"Plan an unforgettable holiday!\",\"text_align\":\"center\",\"title_element\":\"h2\",\"title_style\":\"heading-medium\"}}]}]}],\"name\":\"suunnittele\"}],\"version\":\"4.0.13\"} --><\/p>\n","protected":false},"excerpt":{"rendered":"<p>Accommodation at Ruka &amp; KuusamoVilla Kanger To be completed in autumn 2023, the elegant semi-detached holiday house Villa Kanger is located in the vicinity of Lake Veskaj\u00e4rvi, near the services, slopes and recreational outdoor routes of Ruka Holiday Resort. Or would you like to enjoy an accommodation without neighbours at Villa Kanger Kuusamo, still only [&hellip;]<\/p>\n","protected":false},"author":1,"featured_media":230,"parent":0,"menu_order":0,"comment_status":"closed","ping_status":"closed","template":"","meta":{"footnotes":""},"class_list":["post-384","page","type-page","status-publish","has-post-thumbnail","hentry"],"yoast_head":"<!-- This site is optimized with the Yoast SEO plugin v27.2 - https:\/\/yoast.com\/product\/yoast-seo-wordpress\/ -->\n<title>Accommodation at Ruka &amp; Kuusamo, Finland - Villa Kanger Ruka<\/title>\n<meta name=\"description\" content=\"Syksyll\u00e4 2023 valmistuva, tyylik\u00e4s paritalo l\u00e4hell\u00e4 Rukan palveluja, rinteit\u00e4 ja ulkoilureittej\u00e4. Tai majoitu luonnon \u00e4\u00e4rell\u00e4 Kuusamossa.\" \/>\n<meta name=\"robots\" content=\"index, follow, max-snippet:-1, max-image-preview:large, max-video-preview:-1\" \/>\n<link rel=\"canonical\" href=\"https:\/\/villakangerruka.fi\/en\/\" \/>\n<meta property=\"og:locale\" content=\"en_US\" \/>\n<meta property=\"og:type\" content=\"article\" \/>\n<meta property=\"og:title\" content=\"Accommodation at Ruka &amp; Kuusamo, Finland - Villa Kanger Ruka\" \/>\n<meta property=\"og:description\" content=\"Syksyll\u00e4 2023 valmistuva, tyylik\u00e4s paritalo l\u00e4hell\u00e4 Rukan palveluja, rinteit\u00e4 ja ulkoilureittej\u00e4. Tai majoitu luonnon \u00e4\u00e4rell\u00e4 Kuusamossa.\" \/>\n<meta property=\"og:url\" content=\"https:\/\/villakangerruka.fi\/en\/\" \/>\n<meta property=\"og:site_name\" content=\"Villa Kanger Ruka\" \/>\n<meta property=\"article:publisher\" content=\"https:\/\/www.facebook.com\/pages\/Villa-Kanger\/433771063436134\" \/>\n<meta property=\"article:modified_time\" content=\"2023-10-11T07:48:20+00:00\" \/>\n<meta property=\"og:image\" content=\"https:\/\/villakangerruka.fi\/wp-content\/uploads\/2023\/01\/villaweska-makuuhuone.jpg\" \/>\n\t<meta property=\"og:image:width\" content=\"1920\" \/>\n\t<meta property=\"og:image:height\" content=\"1200\" \/>\n\t<meta property=\"og:image:type\" content=\"image\/jpeg\" \/>\n<meta name=\"twitter:card\" content=\"summary_large_image\" \/>\n<meta name=\"twitter:label1\" content=\"Est. reading time\" \/>\n\t<meta name=\"twitter:data1\" content=\"3 minutes\" \/>\n<script type=\"application\/ld+json\" class=\"yoast-schema-graph\">{\"@context\":\"https:\/\/schema.org\",\"@graph\":[{\"@type\":\"WebPage\",\"@id\":\"https:\/\/villakangerruka.fi\/en\/\",\"url\":\"https:\/\/villakangerruka.fi\/en\/\",\"name\":\"Accommodation at Ruka & Kuusamo, Finland - Villa Kanger Ruka\",\"isPartOf\":{\"@id\":\"https:\/\/villakangerruka.fi\/en\/#website\"},\"primaryImageOfPage\":{\"@id\":\"https:\/\/villakangerruka.fi\/en\/#primaryimage\"},\"image\":{\"@id\":\"https:\/\/villakangerruka.fi\/en\/#primaryimage\"},\"thumbnailUrl\":\"https:\/\/villakangerruka.fi\/wp-content\/uploads\/2023\/01\/villaweska-makuuhuone.jpg\",\"datePublished\":\"2023-01-31T07:44:58+00:00\",\"dateModified\":\"2023-10-11T07:48:20+00:00\",\"description\":\"Syksyll\u00e4 2023 valmistuva, tyylik\u00e4s paritalo l\u00e4hell\u00e4 Rukan palveluja, rinteit\u00e4 ja ulkoilureittej\u00e4. Tai majoitu luonnon \u00e4\u00e4rell\u00e4 Kuusamossa.\",\"breadcrumb\":{\"@id\":\"https:\/\/villakangerruka.fi\/en\/#breadcrumb\"},\"inLanguage\":\"en-US\",\"potentialAction\":[{\"@type\":\"ReadAction\",\"target\":[\"https:\/\/villakangerruka.fi\/en\/\"]}]},{\"@type\":\"ImageObject\",\"inLanguage\":\"en-US\",\"@id\":\"https:\/\/villakangerruka.fi\/en\/#primaryimage\",\"url\":\"https:\/\/villakangerruka.fi\/wp-content\/uploads\/2023\/01\/villaweska-makuuhuone.jpg\",\"contentUrl\":\"https:\/\/villakangerruka.fi\/wp-content\/uploads\/2023\/01\/villaweska-makuuhuone.jpg\",\"width\":1920,\"height\":1200},{\"@type\":\"BreadcrumbList\",\"@id\":\"https:\/\/villakangerruka.fi\/en\/#breadcrumb\",\"itemListElement\":[{\"@type\":\"ListItem\",\"position\":1,\"name\":\"Etusivu\",\"item\":\"https:\/\/villakangerruka.fi\/en\/\"},{\"@type\":\"ListItem\",\"position\":2,\"name\":\"Accommodation at Ruka &#038; Kuusamo, Finland\"}]},{\"@type\":\"WebSite\",\"@id\":\"https:\/\/villakangerruka.fi\/en\/#website\",\"url\":\"https:\/\/villakangerruka.fi\/en\/\",\"name\":\"Villa Kanger Kuusamo ja Ruka\",\"description\":\"Majoitusta Rukalla &amp; Kuusamossa\",\"potentialAction\":[{\"@type\":\"SearchAction\",\"target\":{\"@type\":\"EntryPoint\",\"urlTemplate\":\"https:\/\/villakangerruka.fi\/en\/?s={search_term_string}\"},\"query-input\":{\"@type\":\"PropertyValueSpecification\",\"valueRequired\":true,\"valueName\":\"search_term_string\"}}],\"inLanguage\":\"en-US\"}]}<\/script>\n<!-- \/ Yoast SEO plugin. -->","yoast_head_json":{"title":"Accommodation at Ruka & Kuusamo, Finland - Villa Kanger Ruka","description":"Syksyll\u00e4 2023 valmistuva, tyylik\u00e4s paritalo l\u00e4hell\u00e4 Rukan palveluja, rinteit\u00e4 ja ulkoilureittej\u00e4. Tai majoitu luonnon \u00e4\u00e4rell\u00e4 Kuusamossa.","robots":{"index":"index","follow":"follow","max-snippet":"max-snippet:-1","max-image-preview":"max-image-preview:large","max-video-preview":"max-video-preview:-1"},"canonical":"https:\/\/villakangerruka.fi\/en\/","og_locale":"en_US","og_type":"article","og_title":"Accommodation at Ruka & Kuusamo, Finland - Villa Kanger Ruka","og_description":"Syksyll\u00e4 2023 valmistuva, tyylik\u00e4s paritalo l\u00e4hell\u00e4 Rukan palveluja, rinteit\u00e4 ja ulkoilureittej\u00e4. Tai majoitu luonnon \u00e4\u00e4rell\u00e4 Kuusamossa.","og_url":"https:\/\/villakangerruka.fi\/en\/","og_site_name":"Villa Kanger Ruka","article_publisher":"https:\/\/www.facebook.com\/pages\/Villa-Kanger\/433771063436134","article_modified_time":"2023-10-11T07:48:20+00:00","og_image":[{"width":1920,"height":1200,"url":"https:\/\/villakangerruka.fi\/wp-content\/uploads\/2023\/01\/villaweska-makuuhuone.jpg","type":"image\/jpeg"}],"twitter_card":"summary_large_image","twitter_misc":{"Est. reading time":"3 minutes"},"schema":{"@context":"https:\/\/schema.org","@graph":[{"@type":"WebPage","@id":"https:\/\/villakangerruka.fi\/en\/","url":"https:\/\/villakangerruka.fi\/en\/","name":"Accommodation at Ruka & Kuusamo, Finland - Villa Kanger Ruka","isPartOf":{"@id":"https:\/\/villakangerruka.fi\/en\/#website"},"primaryImageOfPage":{"@id":"https:\/\/villakangerruka.fi\/en\/#primaryimage"},"image":{"@id":"https:\/\/villakangerruka.fi\/en\/#primaryimage"},"thumbnailUrl":"https:\/\/villakangerruka.fi\/wp-content\/uploads\/2023\/01\/villaweska-makuuhuone.jpg","datePublished":"2023-01-31T07:44:58+00:00","dateModified":"2023-10-11T07:48:20+00:00","description":"Syksyll\u00e4 2023 valmistuva, tyylik\u00e4s paritalo l\u00e4hell\u00e4 Rukan palveluja, rinteit\u00e4 ja ulkoilureittej\u00e4. Tai majoitu luonnon \u00e4\u00e4rell\u00e4 Kuusamossa.","breadcrumb":{"@id":"https:\/\/villakangerruka.fi\/en\/#breadcrumb"},"inLanguage":"en-US","potentialAction":[{"@type":"ReadAction","target":["https:\/\/villakangerruka.fi\/en\/"]}]},{"@type":"ImageObject","inLanguage":"en-US","@id":"https:\/\/villakangerruka.fi\/en\/#primaryimage","url":"https:\/\/villakangerruka.fi\/wp-content\/uploads\/2023\/01\/villaweska-makuuhuone.jpg","contentUrl":"https:\/\/villakangerruka.fi\/wp-content\/uploads\/2023\/01\/villaweska-makuuhuone.jpg","width":1920,"height":1200},{"@type":"BreadcrumbList","@id":"https:\/\/villakangerruka.fi\/en\/#breadcrumb","itemListElement":[{"@type":"ListItem","position":1,"name":"Etusivu","item":"https:\/\/villakangerruka.fi\/en\/"},{"@type":"ListItem","position":2,"name":"Accommodation at Ruka &#038; Kuusamo, Finland"}]},{"@type":"WebSite","@id":"https:\/\/villakangerruka.fi\/en\/#website","url":"https:\/\/villakangerruka.fi\/en\/","name":"Villa Kanger Kuusamo ja Ruka","description":"Majoitusta Rukalla &amp; Kuusamossa","potentialAction":[{"@type":"SearchAction","target":{"@type":"EntryPoint","urlTemplate":"https:\/\/villakangerruka.fi\/en\/?s={search_term_string}"},"query-input":{"@type":"PropertyValueSpecification","valueRequired":true,"valueName":"search_term_string"}}],"inLanguage":"en-US"}]}},"_links":{"self":[{"href":"https:\/\/villakangerruka.fi\/en\/wp-json\/wp\/v2\/pages\/384","targetHints":{"allow":["GET"]}}],"collection":[{"href":"https:\/\/villakangerruka.fi\/en\/wp-json\/wp\/v2\/pages"}],"about":[{"href":"https:\/\/villakangerruka.fi\/en\/wp-json\/wp\/v2\/types\/page"}],"author":[{"embeddable":true,"href":"https:\/\/villakangerruka.fi\/en\/wp-json\/wp\/v2\/users\/1"}],"replies":[{"embeddable":true,"href":"https:\/\/villakangerruka.fi\/en\/wp-json\/wp\/v2\/comments?post=384"}],"version-history":[{"count":13,"href":"https:\/\/villakangerruka.fi\/en\/wp-json\/wp\/v2\/pages\/384\/revisions"}],"predecessor-version":[{"id":684,"href":"https:\/\/villakangerruka.fi\/en\/wp-json\/wp\/v2\/pages\/384\/revisions\/684"}],"wp:featuredmedia":[{"embeddable":true,"href":"https:\/\/villakangerruka.fi\/en\/wp-json\/wp\/v2\/media\/230"}],"wp:attachment":[{"href":"https:\/\/villakangerruka.fi\/en\/wp-json\/wp\/v2\/media?parent=384"}],"curies":[{"name":"wp","href":"https:\/\/api.w.org\/{rel}","templated":true}]}}